{"id":1532,"date":"2021-11-29T14:53:07","date_gmt":"2021-11-29T14:53:07","guid":{"rendered":"http:\/\/www.origintec.com.tr\/?page_id=1532"},"modified":"2021-11-29T14:53:07","modified_gmt":"2021-11-29T14:53:07","slug":"procoater","status":"publish","type":"page","link":"https:\/\/www.origintec.com.tr\/en\/procoater\/","title":{"rendered":"ProCoater"},"content":{"rendered":"<p>[et_pb_section fb_built=&#8221;1&#8243; _builder_version=&#8221;4.4.2&#8243; background_color=&#8221;#808890&#8243; min_height=&#8221;110px&#8221; height=&#8221;100px&#8221; max_height=&#8221;110px&#8221; custom_margin=&#8221;0px||||false|false&#8221; custom_padding=&#8221;0px||0px||false|false&#8221; animation_style=&#8221;fade&#8221;][et_pb_row _builder_version=&#8221;4.4.2&#8243; custom_padding=&#8221;0px||0px||false|false&#8221;][et_pb_column type=&#8221;4_4&#8243; _builder_version=&#8221;4.4.2&#8243;][et_pb_cta button_text=&#8221;T\u0131klamalar&#8221; _builder_version=&#8221;4.4.2&#8243; header_level=&#8221;h1&#8243; header_font=&#8221;Arial|800|||||||&#8221; header_text_color=&#8221;#cbdb2a&#8221; header_letter_spacing=&#8221;1px&#8221; header_line_height=&#8221;1.3em&#8221; body_font=&#8221;Poppins|800|||||||&#8221; body_font_size=&#8221;30px&#8221; body_letter_spacing=&#8221;1px&#8221; body_line_height=&#8221;1.8em&#8221; background_enable_color=&#8221;off&#8221; text_orientation=&#8221;left&#8221; background_layout=&#8221;light&#8221; custom_padding=&#8221;0px||0px||false|false&#8221; header_text_shadow_style=&#8221;preset2&#8243; body_text_shadow_style=&#8221;preset2&#8243;]<\/p>\n<p class=\" translation-block\"><span style=\"color: #cbdb2a\"><span style=\"color: #000000\">NORTHLAB<\/span>\u00a0<span style=\"color: #ffffff\">FIBER PROCESSING SYSTEMS ARE IN  <\/span> TURKEY<\/span><span style=\"color: #ffffff\"> WITH ORIGINTEC PROCESS SUPPORT<\/p>\n<p>[\/et_pb_cta][\/et_pb_column][\/et_pb_row][\/et_pb_section][et_pb_section fb_built=&#8221;1&#8243; _builder_version=&#8221;4.4.2&#8243; custom_padding=&#8221;0px||0px|||&#8221; animation_style=&#8221;slide&#8221;][et_pb_row _builder_version=&#8221;4.4.2&#8243; module_alignment=&#8221;center&#8221;][et_pb_column type=&#8221;4_4&#8243; _builder_version=&#8221;4.4.2&#8243;][et_pb_gallery gallery_ids=&#8221;1527&#8243; fullwidth=&#8221;on&#8221; hover_icon=&#8221;%%48%%&#8221; _builder_version=&#8221;4.4.2&#8243; title_text_color=&#8221;#cadb2a&#8221; pagination_text_color=&#8221;#cadb2a&#8221; pagination_font_size=&#8221;20px&#8221; max_width=&#8221;40%&#8221; module_alignment=&#8221;center&#8221; custom_padding=&#8221;||50px||false|false&#8221; hover_enabled=&#8221;0&#8243;][\/et_pb_gallery][\/et_pb_column][\/et_pb_row][\/et_pb_section][et_pb_section fb_built=&#8221;1&#8243; _builder_version=&#8221;4.4.2&#8243; background_color=&#8221;#f2f2f2&#8243; min_height=&#8221;100px&#8221; height=&#8221;100px&#8221; max_height=&#8221;100px&#8221; custom_margin=&#8221;0px||||false|false&#8221; custom_padding=&#8221;0px||0px||false|false&#8221; animation_style=&#8221;flip&#8221;][et_pb_row _builder_version=&#8221;4.4.2&#8243;][et_pb_column type=&#8221;4_4&#8243; _builder_version=&#8221;4.4.2&#8243;][et_pb_cta title=&#8221;ProCoater&#8221; button_text=&#8221;T\u0131klamalar&#8221; _builder_version=&#8221;4.4.2&#8243; header_font=&#8221;Arial|800|||||||&#8221; header_text_color=&#8221;#032b35&#8243; background_enable_color=&#8221;off&#8221; text_orientation=&#8221;left&#8221; background_layout=&#8221;light&#8221; custom_padding=&#8221;11px||||false|false&#8221; hover_enabled=&#8221;0&#8243;][\/et_pb_cta][\/et_pb_column][\/et_pb_row][\/et_pb_section][et_pb_section fb_built=&#8221;1&#8243; _builder_version=&#8221;4.4.2&#8243; custom_padding=&#8221;0px||0px||false|false&#8221; animation_style=&#8221;flip&#8221;][et_pb_row _builder_version=&#8221;4.4.2&#8243;][et_pb_column type=&#8221;4_4&#8243; _builder_version=&#8221;4.4.2&#8243;][et_pb_cta button_text=&#8221;T\u0131klamalar&#8221; _builder_version=&#8221;4.4.2&#8243; header_font=&#8221;Poppins|700|||||||&#8221; body_font=&#8221;Poppins|300|||||||&#8221; background_enable_color=&#8221;off&#8221; text_orientation=&#8221;left&#8221; background_layout=&#8221;light&#8221; hover_enabled=&#8221;0&#8243; title=&#8221;FIBER RECOATER&#8221;]<\/p>\n<p class=\"Default\"><span>The ProCoater is an ultra-compact fiber recoater designed to cover a wide range of fiber diameters and coating materials, from standard to low &amp; high index compounds. The ProCoater is specifically designed for ease of use and flexibility in mind, making it ideal for production as well as research &amp; development applications.<\/span><\/p>\n<p class=\"Default\"><span>The unique square shaped hard moulds are available in four standard sizes; 250, 400, 600 and 900 \u03bcm. Due to its design customized sizes can be made upon request. The moulds can easily be changed by the operator in a few minutes.<\/span><\/p>\n<p class=\"Default\"><span>To ensure fast cycle time and long life the ProCoater uses an array of high power and wavelength adapted UV LEDs generating a typical curing time of less than 3 seconds.<\/span><\/p>\n<p>The ProCoater can be programmed with four different recoating programs, easily selectable by the touch panel. The recoating programs and all general settings can be accessed and modified through an external PC program.<\/p>\n<p>[\/et_pb_cta][\/et_pb_column][\/et_pb_row][\/et_pb_section][et_pb_section fb_built=&#8221;1&#8243; _builder_version=&#8221;4.4.2&#8243; background_color=&#8221;#f2f2f2&#8243;][et_pb_row column_structure=&#8221;1_2,1_2&#8243; _builder_version=&#8221;4.4.2&#8243; animation_style=&#8221;flip&#8221;][et_pb_column type=&#8221;1_2&#8243; _builder_version=&#8221;4.4.2&#8243;][et_pb_text _builder_version=&#8221;4.4.2&#8243; text_font=&#8221;Arial|700|||||||&#8221; text_text_color=&#8221;#01aa90&#8243; text_font_size=&#8221;17px&#8221; header_text_color=&#8221;#0c71c3&#8243;]<span style=\"color: #0c71c3;\">Features &amp; Benefits<\/span>[\/et_pb_text][et_pb_divider color=&#8221;#0c71c3&#8243; divider_weight=&#8221;2px&#8221; _builder_version=&#8221;4.4.2&#8243; custom_margin=&#8221;0px||0px||false|false&#8221; custom_padding=&#8221;0px||0px||false|false&#8221;][\/et_pb_divider][et_pb_text _builder_version=&#8221;4.4.2&#8243; text_font=&#8221;Poppins||||||||&#8221; hover_enabled=&#8221;0&#8243;]<\/p>\n<ul>\n<li>Flexibility, wide range of fiber diameters and coating compounds<\/li>\n<li>Ultra-compact design and lightweight<\/li>\n<li>Operates on built in rechargeable battery or external power supply<\/li>\n<li>Very fast curing time &lt; 3 seconds<\/li>\n<\/ul>\n<p>[\/et_pb_text][\/et_pb_column][et_pb_column type=&#8221;1_2&#8243; _builder_version=&#8221;4.4.2&#8243;][\/et_pb_column][\/et_pb_row][\/et_pb_section][et_pb_section fb_built=&#8221;1&#8243; _builder_version=&#8221;4.4.2&#8243; background_enable_image=&#8221;off&#8221;][et_pb_row _builder_version=&#8221;4.4.2&#8243;][et_pb_column type=&#8221;4_4&#8243; _builder_version=&#8221;4.4.2&#8243;][et_pb_text _builder_version=&#8221;4.4.2&#8243; text_font=&#8221;Poppins|800|||||||&#8221; text_text_color=&#8221;#373d3f&#8221; text_font_size=&#8221;23px&#8221; animation_style=&#8221;fade&#8221;]<\/p>\n<p>Documents<\/p>\n<p>[\/et_pb_text][et_pb_divider color=&#8221;#0c71c3&#8243; divider_weight=&#8221;2px&#8221; _builder_version=&#8221;4.4.2&#8243; animation_style=&#8221;fade&#8221;][\/et_pb_divider][et_pb_text _builder_version=&#8221;4.4.2&#8243; text_text_color=&#8221;#808890&#8243; header_text_color=&#8221;#808890&#8243; max_width=&#8221;41%&#8221; module_alignment=&#8221;left&#8221; hover_enabled=&#8221;0&#8243; locked=&#8221;off&#8221;]<\/p>\n<table style=\"float: left; width: 373px;\">\n<tbody>\n<tr>\n<td style=\"text-align: center; width: 68px;\"><strong><a href=\"https:\/\/3fab0534-367a-4d9c-a83b-42c91e9e8e31.filesusr.com\/ugd\/e0a820_554803f52d964a5f963099b2d68611ed.pdf\" target=\"_blank\" rel=\"noopener noreferrer\" title=\"DP 100 T\"><img src=\"http:\/\/www.origintec.com.tr\/wp-content\/uploads\/2021\/10\/30x30.gif\" alt=\"cool\" \/><\/a><\/strong><\/td>\n<td style=\"width: 289px;\">\n<p style=\"text-align: left;\"><strong><a href=\"https:\/\/www.northlabphotonics.com\/fileadmin\/user_upload\/NorthLab_ProCoater_R2.pdf\" target=\"_blank\" rel=\"noopener noreferrer\">Product Datasheet<\/a><\/strong><\/p>\n<\/td>\n<\/tr>\n<\/tbody>\n<\/table>\n<p>[\/et_pb_text][\/et_pb_column][\/et_pb_row][\/et_pb_section]<\/p>","protected":false},"excerpt":{"rendered":"<p>[et_pb_section fb_built=&#8221;1&#8243; _builder_version=&#8221;4.4.2&#8243; background_color=&#8221;#808890&#8243; min_height=&#8221;110px&#8221; height=&#8221;100px&#8221; max_height=&#8221;110px&#8221; custom_margin=&#8221;0px||||false|false&#8221; custom_padding=&#8221;0px||0px||false|false&#8221; animation_style=&#8221;fade&#8221;][et_pb_row _builder_version=&#8221;4.4.2&#8243; custom_padding=&#8221;0px||0px||false|false&#8221;][et_pb_column type=&#8221;4_4&#8243; _builder_version=&#8221;4.4.2&#8243;][et_pb_cta button_text=&#8221;T\u0131klamalar&#8221; _builder_version=&#8221;4.4.2&#8243; header_level=&#8221;h1&#8243; header_font=&#8221;Arial|800|||||||&#8221; header_text_color=&#8221;#cbdb2a&#8221; header_letter_spacing=&#8221;1px&#8221; header_line_height=&#8221;1.3em&#8221; body_font=&#8221;Poppins|800|||||||&#8221; body_font_size=&#8221;30px&#8221; body_letter_spacing=&#8221;1px&#8221; body_line_height=&#8221;1.8em&#8221; background_enable_color=&#8221;off&#8221; text_orientation=&#8221;left&#8221; background_layout=&#8221;light&#8221; custom_padding=&#8221;0px||0px||false|false&#8221; header_text_shadow_style=&#8221;preset2&#8243; body_text_shadow_style=&#8221;preset2&#8243;] NORTHLAB\u00a0F\u0130BER \u0130\u015eLEME S\u0130STEMLER\u0130 ORIGINTEC PROSES DESTE\u011e\u0130\u00a0 \u0130LE T\u00dcRK\u0130YE&#8217;DE [\/et_pb_cta][\/et_pb_column][\/et_pb_row][\/et_pb_section][et_pb_section fb_built=&#8221;1&#8243; _builder_version=&#8221;4.4.2&#8243; custom_padding=&#8221;0px||0px|||&#8221; animation_style=&#8221;slide&#8221;][et_pb_row _builder_version=&#8221;4.4.2&#8243; module_alignment=&#8221;center&#8221;][et_pb_column type=&#8221;4_4&#8243; _builder_version=&#8221;4.4.2&#8243;][et_pb_gallery gallery_ids=&#8221;1527&#8243; fullwidth=&#8221;on&#8221; hover_icon=&#8221;%%48%%&#8221; _builder_version=&#8221;4.4.2&#8243; title_text_color=&#8221;#cadb2a&#8221; pagination_text_color=&#8221;#cadb2a&#8221; pagination_font_size=&#8221;20px&#8221; [&hellip;]<\/p>","protected":false},"author":1,"featured_media":0,"parent":0,"menu_order":0,"comment_status":"closed","ping_status":"closed","template":"","meta":{"_et_pb_use_builder":"on","_et_pb_old_content":"","_et_gb_content_width":""},"_links":{"self":[{"href":"https:\/\/www.origintec.com.tr\/en\/wp-json\/wp\/v2\/pages\/1532"}],"collection":[{"href":"https:\/\/www.origintec.com.tr\/en\/wp-json\/wp\/v2\/pages"}],"about":[{"href":"https:\/\/www.origintec.com.tr\/en\/wp-json\/wp\/v2\/types\/page"}],"author":[{"embeddable":true,"href":"https:\/\/www.origintec.com.tr\/en\/wp-json\/wp\/v2\/users\/1"}],"replies":[{"embeddable":true,"href":"https:\/\/www.origintec.com.tr\/en\/wp-json\/wp\/v2\/comments?post=1532"}],"version-history":[{"count":2,"href":"https:\/\/www.origintec.com.tr\/en\/wp-json\/wp\/v2\/pages\/1532\/revisions"}],"predecessor-version":[{"id":1534,"href":"https:\/\/www.origintec.com.tr\/en\/wp-json\/wp\/v2\/pages\/1532\/revisions\/1534"}],"wp:attachment":[{"href":"https:\/\/www.origintec.com.tr\/en\/wp-json\/wp\/v2\/media?parent=1532"}],"curies":[{"name":"wp","href":"https:\/\/api.w.org\/{rel}","templated":true}]}}