{"id":1446,"date":"2021-11-29T12:38:15","date_gmt":"2021-11-29T12:38:15","guid":{"rendered":"http:\/\/www.origintec.com.tr\/?page_id=1446"},"modified":"2021-12-06T14:24:25","modified_gmt":"2021-12-06T14:24:25","slug":"strip-2","status":"publish","type":"page","link":"https:\/\/www.origintec.com.tr\/en\/strip-2\/","title":{"rendered":"strip"},"content":{"rendered":"<p>[et_pb_section fb_built=&#8221;1&#8243; fullwidth=&#8221;on&#8221; _builder_version=&#8221;4.4.2&#8243; height=&#8221;400px&#8221; locked=&#8221;off&#8221;][et_pb_fullwidth_slider _builder_version=&#8221;4.4.2&#8243; body_font=&#8221;Arial|800|||||||&#8221; body_font_size=&#8221;93px&#8221; height=&#8221;400px&#8221; max_height=&#8221;750px&#8221; custom_padding=&#8221;||29px|||&#8221; animation_style=&#8221;fade&#8221; animation_speed_curve=&#8221;ease-in&#8221; auto=&#8221;on&#8221;][et_pb_slide use_bg_overlay=&#8221;off&#8221; use_text_overlay=&#8221;on&#8221; text_overlay_color=&#8221;rgba(0,0,0,0.04)&#8221; _builder_version=&#8221;4.4.2&#8243; body_font=&#8221;Arial|800|||||||&#8221; body_text_align=&#8221;center&#8221; body_font_size=&#8221;45px&#8221; body_line_height=&#8221;0.6em&#8221; use_background_color_gradient=&#8221;on&#8221; background_image=&#8221;http:\/\/www.origintec.com.tr\/wp-content\/uploads\/2021\/11\/NorthLab.jpg&#8221; background_enable_image=&#8221;on&#8221; text_orientation=&#8221;center&#8221; custom_padding=&#8221;105px||||false|false&#8221; header_text_shadow_style=&#8221;preset5&#8243; body_text_shadow_style=&#8221;preset2&#8243; text_shadow_style=&#8221;preset1&#8243;]<\/p>\n<p><strong>Fiber <\/strong><\/p>\n<p><strong>Processing <span style=\"color: #ff0000;\">Systems<\/span><\/strong><\/p>\n<p>[\/et_pb_slide][et_pb_slide use_bg_overlay=&#8221;off&#8221; use_text_overlay=&#8221;on&#8221; text_overlay_color=&#8221;rgba(0,0,0,0.04)&#8221; _builder_version=&#8221;4.4.2&#8243; body_font=&#8221;Arial|800|||||||&#8221; body_text_align=&#8221;center&#8221; body_font_size=&#8221;45px&#8221; body_line_height=&#8221;0.6em&#8221; background_enable_color=&#8221;off&#8221; use_background_color_gradient=&#8221;on&#8221; background_image=&#8221;http:\/\/www.origintec.com.tr\/wp-content\/uploads\/2021\/11\/csm_TMS_2_92756d1b54.jpg&#8221; background_enable_image=&#8221;on&#8221; text_orientation=&#8221;center&#8221; custom_padding=&#8221;105px||||false|false&#8221; header_text_shadow_style=&#8221;preset5&#8243; body_text_shadow_style=&#8221;preset2&#8243; text_shadow_style=&#8221;preset1&#8243;]<\/p>\n<p><strong>Fiber <\/strong><\/p>\n<p><strong>Processing <span style=\"color: #ff0000;\">Systems<\/span><\/strong><\/p>\n<p>[\/et_pb_slide][et_pb_slide use_bg_overlay=&#8221;off&#8221; use_text_overlay=&#8221;on&#8221; text_overlay_color=&#8221;rgba(0,0,0,0.04)&#8221; _builder_version=&#8221;4.4.2&#8243; body_font=&#8221;Arial|800|||||||&#8221; body_text_align=&#8221;center&#8221; body_font_size=&#8221;45px&#8221; body_line_height=&#8221;0.6em&#8221; use_background_color_gradient=&#8221;on&#8221; background_image=&#8221;http:\/\/www.origintec.com.tr\/wp-content\/uploads\/2021\/11\/csm_SPLICE__TMS__c0960fe8f0.jpg&#8221; background_enable_image=&#8221;on&#8221; text_orientation=&#8221;center&#8221; custom_padding=&#8221;105px||||false|false&#8221; header_text_shadow_style=&#8221;preset5&#8243; body_text_shadow_style=&#8221;preset2&#8243; text_shadow_style=&#8221;preset1&#8243;]<\/p>\n<p><strong>Fiber <\/strong><\/p>\n<p><strong>Processing <span style=\"color: #ff0000;\">Systems<\/span><\/strong><\/p>\n<p>[\/et_pb_slide][\/et_pb_fullwidth_slider][\/et_pb_section][et_pb_section fb_built=&#8221;1&#8243; _builder_version=&#8221;4.4.2&#8243; background_enable_color=&#8221;off&#8221; background_enable_image=&#8221;off&#8221; parallax=&#8221;on&#8221; custom_padding=&#8221;30px||60px||false|false&#8221;][et_pb_row _builder_version=&#8221;4.4.2&#8243; custom_padding=&#8221;||43px|||&#8221;][et_pb_column type=&#8221;4_4&#8243; _builder_version=&#8221;4.4.2&#8243;][et_pb_text _builder_version=&#8221;4.4.2&#8243; text_font=&#8221;Poppins|800|||||||&#8221; text_font_size=&#8221;35px&#8221; header_font=&#8221;Arial|800|||||||&#8221; custom_margin=&#8221;||12px|||&#8221; hover_enabled=&#8221;0&#8243;]<\/p>\n<h1>Fiber Stripping Products<\/h1>\n<p>[\/et_pb_text][et_pb_divider divider_weight=&#8221;2px&#8221; _builder_version=&#8221;4.4.2&#8243; width=&#8221;37%&#8221; custom_margin=&#8221;-5px||0px||false|false&#8221;][\/et_pb_divider][et_pb_text _builder_version=&#8221;4.4.2&#8243; hover_enabled=&#8221;0&#8243;]<\/p>\n<p>NorthLab Photonics offers a wide range of high-performance fiber optic stripping tools for removal of acrylate, PVC, polyimide, carbon and gold coatings.<\/p>\n<p>The product portfolio includes strippers providing the most advanced line of high strength thermal mechanical strippers, non-contact high strength strippers and the industry\u2019s only diameter adjustable thermal fiber stripper.<\/p>\n<p>[\/et_pb_text][\/et_pb_column][\/et_pb_row][et_pb_row column_structure=&#8221;1_4,1_4,1_4,1_4&#8243; use_custom_gutter=&#8221;on&#8221; gutter_width=&#8221;2&#8243; _builder_version=&#8221;4.4.2&#8243; background_enable_image=&#8221;off&#8221; width=&#8221;100%&#8221; custom_padding=&#8221;0px|0px|0px|0px|false|false&#8221;][et_pb_column type=&#8221;1_4&#8243; _builder_version=&#8221;4.4.2&#8243;][et_pb_blurb title=&#8221;3SAE Otomatik S\u0131y\u0131r\u0131c\u0131 II, ASII&#8221; url=&#8221;@ET-DC@eyJkeW5hbWljIjp0cnVlLCJjb250ZW50IjoicG9zdF9saW5rX3VybF9wYWdlIiwic2V0dGluZ3MiOnsicG9zdF9pZCI6IjE0NTYifX0=@&#8221; image=&#8221;http:\/\/www.origintec.com.tr\/wp-content\/uploads\/2021\/11\/3SAE-AutoStrip-II_-ASII.jpg&#8221; _builder_version=&#8221;4.4.2&#8243; _dynamic_attributes=&#8221;url,link_option_url&#8221; header_font=&#8221;Arial|600|||||||&#8221; header_text_align=&#8221;center&#8221; background_enable_image=&#8221;off&#8221; custom_padding=&#8221;0px|0px|0px|0px|false|false&#8221; link_option_url=&#8221;@ET-DC@eyJkeW5hbWljIjp0cnVlLCJjb250ZW50IjoicG9zdF9saW5rX3VybF9wYWdlIiwic2V0dGluZ3MiOnsicG9zdF9pZCI6IjE0NTYifX0=@&#8221; hover_enabled=&#8221;0&#8243; border_radii_image=&#8221;on|10px|10px|10px|10px&#8221; border_width_all_image=&#8221;1px&#8221; border_color_all_image=&#8221;#cadb2a&#8221;][\/et_pb_blurb][\/et_pb_column][et_pb_column type=&#8221;1_4&#8243; _builder_version=&#8221;4.4.2&#8243;][et_pb_blurb title=&#8221;3SAE Elyaf Haz\u0131rlama \u00dcnitesi, FPU II&#8221; url=&#8221;@ET-DC@eyJkeW5hbWljIjp0cnVlLCJjb250ZW50IjoicG9zdF9saW5rX3VybF9wYWdlIiwic2V0dGluZ3MiOnsicG9zdF9pZCI6IjE0NjEifX0=@&#8221; image=&#8221;http:\/\/www.origintec.com.tr\/wp-content\/uploads\/2021\/11\/csm_STRIP__FPU_II__0db69cb225.jpg&#8221; content_max_width=&#8221;300px&#8221; _builder_version=&#8221;4.4.2&#8243; _dynamic_attributes=&#8221;url,link_option_url&#8221; header_font=&#8221;Arial|600|||||||&#8221; header_text_align=&#8221;center&#8221; background_enable_image=&#8221;off&#8221; custom_padding=&#8221;||0px|||&#8221; link_option_url=&#8221;@ET-DC@eyJkeW5hbWljIjp0cnVlLCJjb250ZW50IjoicG9zdF9saW5rX3VybF9wYWdlIiwic2V0dGluZ3MiOnsicG9zdF9pZCI6IjE0NjEifX0=@&#8221; hover_enabled=&#8221;0&#8243; border_radii_image=&#8221;on|10px|10px|10px|10px&#8221; border_width_all_image=&#8221;1px&#8221; border_color_all_image=&#8221;#cadb2a&#8221;][\/et_pb_blurb][\/et_pb_column][et_pb_column type=&#8221;1_4&#8243; _builder_version=&#8221;4.4.2&#8243;][et_pb_blurb title=&#8221;3SAE Plazma \u0130\u015f \u0130stasyonu, PWS&#8221; url=&#8221;@ET-DC@eyJkeW5hbWljIjp0cnVlLCJjb250ZW50IjoicG9zdF9saW5rX3VybF9wYWdlIiwic2V0dGluZ3MiOnsicG9zdF9pZCI6IjE0NjgifX0=@&#8221; image=&#8221;http:\/\/www.origintec.com.tr\/wp-content\/uploads\/2021\/11\/3SAE-Plasma-Work-Station_-PWS.jpg&#8221; content_max_width=&#8221;300px&#8221; _builder_version=&#8221;4.4.2&#8243; _dynamic_attributes=&#8221;url,link_option_url&#8221; header_font=&#8221;Arial|600|||||||&#8221; header_text_align=&#8221;center&#8221; background_enable_image=&#8221;off&#8221; link_option_url=&#8221;@ET-DC@eyJkeW5hbWljIjp0cnVlLCJjb250ZW50IjoicG9zdF9saW5rX3VybF9wYWdlIiwic2V0dGluZ3MiOnsicG9zdF9pZCI6IjE0NjgifX0=@&#8221; hover_enabled=&#8221;0&#8243; border_radii_image=&#8221;on|10px|10px|10px|10px&#8221; border_width_all_image=&#8221;1px&#8221; border_color_all_image=&#8221;#cadb2a&#8221;][\/et_pb_blurb][\/et_pb_column][et_pb_column type=&#8221;1_4&#8243; _builder_version=&#8221;4.4.2&#8243;][et_pb_blurb title=&#8221;3SAE Termal S\u0131y\u0131r\u0131c\u0131 &#8211; Geni\u015fletilmi\u015f Ray&#8221; url=&#8221;@ET-DC@eyJkeW5hbWljIjp0cnVlLCJjb250ZW50IjoicG9zdF9saW5rX3VybF9wYWdlIiwic2V0dGluZ3MiOnsicG9zdF9pZCI6IjE0NzQifX0=@&#8221; image=&#8221;http:\/\/www.origintec.com.tr\/wp-content\/uploads\/2021\/11\/csm_Extended_Rail_Adjustable_Thermal_Stripper_4762eba9d7.jpg&#8221; content_max_width=&#8221;246px&#8221; _builder_version=&#8221;4.4.2&#8243; _dynamic_attributes=&#8221;url,link_option_url&#8221; header_font=&#8221;Arial|600|||||||&#8221; header_text_align=&#8221;center&#8221; background_enable_image=&#8221;off&#8221; link_option_url=&#8221;@ET-DC@eyJkeW5hbWljIjp0cnVlLCJjb250ZW50IjoicG9zdF9saW5rX3VybF9wYWdlIiwic2V0dGluZ3MiOnsicG9zdF9pZCI6IjE0NzQifX0=@&#8221; hover_enabled=&#8221;0&#8243; border_radii_image=&#8221;on|10px|10px|10px|10px&#8221; border_width_all_image=&#8221;1px&#8221; border_color_all_image=&#8221;#cadb2a&#8221;][\/et_pb_blurb][\/et_pb_column][\/et_pb_row][et_pb_row column_structure=&#8221;1_4,1_4,1_4,1_4&#8243; use_custom_gutter=&#8221;on&#8221; gutter_width=&#8221;2&#8243; _builder_version=&#8221;4.4.2&#8243; background_enable_image=&#8221;off&#8221; width=&#8221;100%&#8221; custom_padding=&#8221;0px|0px|0px|0px|false|false&#8221;][et_pb_column type=&#8221;1_4&#8243; _builder_version=&#8221;4.4.2&#8243;][et_pb_blurb title=&#8221;NorthLab Termal Striptizci \u2013 Ayarlanabilir&#8221; url=&#8221;@ET-DC@eyJkeW5hbWljIjp0cnVlLCJjb250ZW50IjoicG9zdF9saW5rX3VybF9wYWdlIiwic2V0dGluZ3MiOnsicG9zdF9pZCI6IjE0NzkifX0=@&#8221; image=&#8221;http:\/\/www.origintec.com.tr\/wp-content\/uploads\/2021\/11\/NorthLab-Thermal-Stripper-\u2013-High-Strength.png&#8221; _builder_version=&#8221;4.4.2&#8243; _dynamic_attributes=&#8221;url,link_option_url&#8221; header_font=&#8221;Arial|600|||||||&#8221; header_text_align=&#8221;center&#8221; background_enable_image=&#8221;off&#8221; custom_padding=&#8221;0px|0px|0px|0px|false|false&#8221; link_option_url=&#8221;@ET-DC@eyJkeW5hbWljIjp0cnVlLCJjb250ZW50IjoicG9zdF9saW5rX3VybF9wYWdlIiwic2V0dGluZ3MiOnsicG9zdF9pZCI6IjE0NzkifX0=@&#8221; hover_enabled=&#8221;0&#8243; border_radii_image=&#8221;on|10px|10px|10px|10px&#8221; border_width_all_image=&#8221;1px&#8221; border_color_all_image=&#8221;#cadb2a&#8221;][\/et_pb_blurb][\/et_pb_column][et_pb_column type=&#8221;1_4&#8243; _builder_version=&#8221;4.4.2&#8243;][et_pb_blurb title=&#8221;NorthLab Termal Striptizci \u2013 Y\u00fcksek Mukavemet&#8221; url=&#8221;@ET-DC@eyJkeW5hbWljIjp0cnVlLCJjb250ZW50IjoicG9zdF9saW5rX3VybF9wYWdlIiwic2V0dGluZ3MiOnsicG9zdF9pZCI6IjE0ODcifX0=@&#8221; image=&#8221;http:\/\/www.origintec.com.tr\/wp-content\/uploads\/2021\/11\/NorthLab-Thermal-Stripper-\u2013-High-Strength.png&#8221; content_max_width=&#8221;300px&#8221; _builder_version=&#8221;4.4.2&#8243; _dynamic_attributes=&#8221;url,link_option_url&#8221; header_font=&#8221;Arial|600|||||||&#8221; header_text_align=&#8221;center&#8221; background_enable_image=&#8221;off&#8221; custom_padding=&#8221;||0px|||&#8221; link_option_url=&#8221;@ET-DC@eyJkeW5hbWljIjp0cnVlLCJjb250ZW50IjoicG9zdF9saW5rX3VybF9wYWdlIiwic2V0dGluZ3MiOnsicG9zdF9pZCI6IjE0ODcifX0=@&#8221; hover_enabled=&#8221;0&#8243; border_radii_image=&#8221;on|10px|10px|10px|10px&#8221; border_width_all_image=&#8221;1px&#8221; border_color_all_image=&#8221;#cadb2a&#8221;][\/et_pb_blurb][\/et_pb_column][et_pb_column type=&#8221;1_4&#8243; _builder_version=&#8221;4.4.2&#8243;][\/et_pb_column][et_pb_column type=&#8221;1_4&#8243; _builder_version=&#8221;4.4.2&#8243;][\/et_pb_column][\/et_pb_row][\/et_pb_section][et_pb_section fb_built=&#8221;1&#8243; _builder_version=&#8221;4.4.2&#8243; background_color=&#8221;#f2f2f2&#8243; custom_padding=&#8221;10px||10px||false|false&#8221; animation_style=&#8221;slide&#8221; animation_direction=&#8221;bottom&#8221; locked=&#8221;off&#8221;][et_pb_row column_structure=&#8221;1_2,1_2&#8243; _builder_version=&#8221;4.4.2&#8243; background_enable_color=&#8221;off&#8221; max_width=&#8221;1200px&#8221;][et_pb_column type=&#8221;1_2&#8243; _builder_version=&#8221;4.4.2&#8243;][et_pb_text _builder_version=&#8221;4.4.2&#8243; text_font=&#8221;Poppins|800|||||||&#8221; text_text_color=&#8221;#808990&#8243; header_line_height=&#8221;1.2em&#8221; custom_margin=&#8221;0px||15px||false|false&#8221; custom_padding=&#8221;||0px|||&#8221;]<\/p>\n<h1 class=\" translation-block\"><span style=\"color: #808890\"><strong><span style=\"color: #000000\">Nortlab<\/span> and <span style=\"color: #ff0000\">3SAE<\/span>  Fiber Processing Systems Are in Turkey with OriginTec Process Support<\/strong><\/span><\/h1>\n<p>[\/et_pb_text][et_pb_divider divider_weight=&#8221;2px&#8221; _builder_version=&#8221;4.4.2&#8243; width=&#8221;76%&#8221; custom_margin=&#8221;-5px||0px||false|false&#8221;][\/et_pb_divider][et_pb_text _builder_version=&#8221;4.4.2&#8243;]<\/p>\n<p class=\" translation-block\"><strong><span style=\"color: #000000\">NorthLab Photonics AB<\/span><\/strong>; headquartered in Stockholm, Sweden, is a company with focus and expertise in distribution and development of fiber optic tools and technologies for optical fiber preparation, fusion splicing, processing, and related applications. Our products and services are used at many of the world\u2019s leading photonics, aerospace, military research facilities, institutes, and universities.<\/p>\n<p>[\/et_pb_text][et_pb_text _builder_version=&#8221;4.4.2&#8243;]<\/p>\n<p class=\" translation-block\">As the Turkey distributor of <strong><span style=\"color: #000000\">Northlab Photonics,<\/span><\/strong>we support our customers with high quality technical support before and after sales, and the development, production, packaging, testing, etc. of related components for both <strong><span style=\"color: #000000\">Northlab Photonics,<\/span><\/strong> and <strong><span style=\"color: #ff0000\">3SAE<\/span><\/strong> systems. <strong><span style=\"color: #ff0000\">3SAE<\/span><\/strong><\/p>\n<p>[\/et_pb_text][\/et_pb_column][et_pb_column type=&#8221;1_2&#8243; _builder_version=&#8221;4.4.2&#8243;][et_pb_image src=&#8221;http:\/\/www.origintec.com.tr\/wp-content\/uploads\/2021\/10\/northlab-logo.png&#8221; _builder_version=&#8221;4.4.2&#8243; custom_padding=&#8221;108px||21px|||&#8221;][\/et_pb_image][\/et_pb_column][\/et_pb_row][\/et_pb_section][et_pb_section fb_built=&#8221;1&#8243; _builder_version=&#8221;4.4.2&#8243; background_enable_color=&#8221;off&#8221; custom_padding=&#8221;10px||10px||false|false&#8221; animation_style=&#8221;slide&#8221; animation_direction=&#8221;bottom&#8221; locked=&#8221;off&#8221;][\/et_pb_section]<\/p>","protected":false},"excerpt":{"rendered":"<p>[et_pb_section fb_built=&#8221;1&#8243; fullwidth=&#8221;on&#8221; _builder_version=&#8221;4.4.2&#8243; height=&#8221;400px&#8221; locked=&#8221;off&#8221;][et_pb_fullwidth_slider _builder_version=&#8221;4.4.2&#8243; body_font=&#8221;Arial|800|||||||&#8221; body_font_size=&#8221;93px&#8221; height=&#8221;400px&#8221; max_height=&#8221;750px&#8221; custom_padding=&#8221;||29px|||&#8221; animation_style=&#8221;fade&#8221; animation_speed_curve=&#8221;ease-in&#8221; auto=&#8221;on&#8221;][et_pb_slide use_bg_overlay=&#8221;off&#8221; use_text_overlay=&#8221;on&#8221; text_overlay_color=&#8221;rgba(0,0,0,0.04)&#8221; _builder_version=&#8221;4.4.2&#8243; body_font=&#8221;Arial|800|||||||&#8221; body_text_align=&#8221;center&#8221; body_font_size=&#8221;45px&#8221; body_line_height=&#8221;0.6em&#8221; use_background_color_gradient=&#8221;on&#8221; background_image=&#8221;http:\/\/www.origintec.com.tr\/wp-content\/uploads\/2021\/11\/NorthLab.jpg&#8221; background_enable_image=&#8221;on&#8221; text_orientation=&#8221;center&#8221; custom_padding=&#8221;105px||||false|false&#8221; header_text_shadow_style=&#8221;preset5&#8243; body_text_shadow_style=&#8221;preset2&#8243; text_shadow_style=&#8221;preset1&#8243;] Fiber \u0130\u015fleme Sistemi \u00c7\u00f6z\u00fcmleri [\/et_pb_slide][et_pb_slide use_bg_overlay=&#8221;off&#8221; use_text_overlay=&#8221;on&#8221; text_overlay_color=&#8221;rgba(0,0,0,0.04)&#8221; _builder_version=&#8221;4.4.2&#8243; body_font=&#8221;Arial|800|||||||&#8221; body_text_align=&#8221;center&#8221; body_font_size=&#8221;45px&#8221; body_line_height=&#8221;0.6em&#8221; background_enable_color=&#8221;off&#8221; use_background_color_gradient=&#8221;on&#8221; background_image=&#8221;http:\/\/www.origintec.com.tr\/wp-content\/uploads\/2021\/11\/csm_TMS_2_92756d1b54.jpg&#8221; background_enable_image=&#8221;on&#8221; text_orientation=&#8221;center&#8221; custom_padding=&#8221;105px||||false|false&#8221; header_text_shadow_style=&#8221;preset5&#8243; body_text_shadow_style=&#8221;preset2&#8243; text_shadow_style=&#8221;preset1&#8243;] Fiber \u0130\u015fleme [&hellip;]<\/p>","protected":false},"author":1,"featured_media":0,"parent":0,"menu_order":0,"comment_status":"closed","ping_status":"closed","template":"","meta":{"_et_pb_use_builder":"on","_et_pb_old_content":"","_et_gb_content_width":""},"_links":{"self":[{"href":"https:\/\/www.origintec.com.tr\/en\/wp-json\/wp\/v2\/pages\/1446"}],"collection":[{"href":"https:\/\/www.origintec.com.tr\/en\/wp-json\/wp\/v2\/pages"}],"about":[{"href":"https:\/\/www.origintec.com.tr\/en\/wp-json\/wp\/v2\/types\/page"}],"author":[{"embeddable":true,"href":"https:\/\/www.origintec.com.tr\/en\/wp-json\/wp\/v2\/users\/1"}],"replies":[{"embeddable":true,"href":"https:\/\/www.origintec.com.tr\/en\/wp-json\/wp\/v2\/comments?post=1446"}],"version-history":[{"count":5,"href":"https:\/\/www.origintec.com.tr\/en\/wp-json\/wp\/v2\/pages\/1446\/revisions"}],"predecessor-version":[{"id":1584,"href":"https:\/\/www.origintec.com.tr\/en\/wp-json\/wp\/v2\/pages\/1446\/revisions\/1584"}],"wp:attachment":[{"href":"https:\/\/www.origintec.com.tr\/en\/wp-json\/wp\/v2\/media?parent=1446"}],"curies":[{"name":"wp","href":"https:\/\/api.w.org\/{rel}","templated":true}]}}