{"id":1298,"date":"2021-11-23T10:34:59","date_gmt":"2021-11-23T10:34:59","guid":{"rendered":"http:\/\/www.origintec.com.tr\/?page_id=1298"},"modified":"2021-12-03T09:24:09","modified_gmt":"2021-12-03T09:24:09","slug":"noria","status":"publish","type":"page","link":"https:\/\/www.origintec.com.tr\/en\/noria\/","title":{"rendered":"Noria"},"content":{"rendered":"<p>[et_pb_section fb_built=&#8221;1&#8243; _builder_version=&#8221;4.4.2&#8243; background_color=&#8221;#808890&#8243; min_height=&#8221;110px&#8221; height=&#8221;100px&#8221; max_height=&#8221;110px&#8221; custom_margin=&#8221;0px||||false|false&#8221; custom_padding=&#8221;0px||0px||false|false&#8221; animation_style=&#8221;fade&#8221;][et_pb_row _builder_version=&#8221;4.4.2&#8243; custom_padding=&#8221;0px||0px||false|false&#8221;][et_pb_column type=&#8221;4_4&#8243; _builder_version=&#8221;4.4.2&#8243;][et_pb_cta button_text=&#8221;T\u0131klamalar&#8221; _builder_version=&#8221;4.4.2&#8243; header_level=&#8221;h1&#8243; header_font=&#8221;Arial|800|||||||&#8221; header_text_color=&#8221;#cbdb2a&#8221; header_letter_spacing=&#8221;1px&#8221; header_line_height=&#8221;1.3em&#8221; body_font=&#8221;Poppins|800|||||||&#8221; body_font_size=&#8221;30px&#8221; body_letter_spacing=&#8221;1px&#8221; body_line_height=&#8221;1.8em&#8221; background_enable_color=&#8221;off&#8221; text_orientation=&#8221;left&#8221; background_layout=&#8221;light&#8221; custom_padding=&#8221;0px||0px||false|false&#8221; header_text_shadow_style=&#8221;preset2&#8243; body_text_shadow_style=&#8221;preset2&#8243;]<\/p>\n<p class=\" translation-block\"><span style=\"color: #cbdb2a\"><span style=\"color: #000000\">NORTHLAB<\/span>\u00a0<span style=\"color: #ffffff\">FIBER PROCESSING SYSTEMS ARE IN  <\/span> TURKEY<\/span><span style=\"color: #ffffff\"> WITH ORIGINTEC PROCESS SUPPORT<\/p>\n<p>[\/et_pb_cta][\/et_pb_column][\/et_pb_row][\/et_pb_section][et_pb_section fb_built=&#8221;1&#8243; _builder_version=&#8221;4.4.2&#8243; custom_padding=&#8221;0px||0px|||&#8221; animation_style=&#8221;slide&#8221;][et_pb_row _builder_version=&#8221;4.4.2&#8243; module_alignment=&#8221;center&#8221;][et_pb_column type=&#8221;4_4&#8243; _builder_version=&#8221;4.4.2&#8243;][et_pb_image src=&#8221;http:\/\/www.origintec.com.tr\/wp-content\/uploads\/2021\/11\/noria_no_light.png&#8221; align=&#8221;center&#8221; _builder_version=&#8221;4.4.2&#8243; max_height=&#8221;450px&#8221;][\/et_pb_image][\/et_pb_column][\/et_pb_row][\/et_pb_section][et_pb_section fb_built=&#8221;1&#8243; _builder_version=&#8221;4.4.2&#8243; background_color=&#8221;#f2f2f2&#8243; min_height=&#8221;100px&#8221; height=&#8221;100px&#8221; max_height=&#8221;100px&#8221; custom_margin=&#8221;0px||||false|false&#8221; custom_padding=&#8221;0px||0px||false|false&#8221; animation_style=&#8221;flip&#8221;][et_pb_row _builder_version=&#8221;4.4.2&#8243;][et_pb_column type=&#8221;4_4&#8243; _builder_version=&#8221;4.4.2&#8243;][et_pb_cta title=&#8221;NORIA \u2013 FBG \u00dcretim \u00c7\u00f6z\u00fcm\u00fc&#8221; button_text=&#8221;T\u0131klamalar&#8221; _builder_version=&#8221;4.4.2&#8243; header_font=&#8221;Arial|800|||||||&#8221; header_text_color=&#8221;#0c71c3&#8243; background_enable_color=&#8221;off&#8221; text_orientation=&#8221;left&#8221; background_layout=&#8221;light&#8221; custom_padding=&#8221;11px||||false|false&#8221;][\/et_pb_cta][\/et_pb_column][\/et_pb_row][\/et_pb_section][et_pb_section fb_built=&#8221;1&#8243; _builder_version=&#8221;4.4.2&#8243; custom_padding=&#8221;0px||0px||false|false&#8221; animation_style=&#8221;flip&#8221;][et_pb_row _builder_version=&#8221;4.4.2&#8243;][et_pb_column type=&#8221;4_4&#8243; _builder_version=&#8221;4.4.2&#8243;][et_pb_cta title=&#8221;TAK \u00c7ALI\u015eTIR FBG \u00dcRET\u0130M S\u0130STEM\u0130&#8221; button_text=&#8221;T\u0131klamalar&#8221; _builder_version=&#8221;4.4.2&#8243; header_font=&#8221;Poppins|700|||||||&#8221; body_font=&#8221;Poppins|300|||||||&#8221; background_enable_color=&#8221;off&#8221; text_orientation=&#8221;left&#8221; background_layout=&#8221;light&#8221; hover_enabled=&#8221;0&#8243;]<\/p>\n<p>NORIA is a manufacturing system designed for producing Fiber Bragg Gratings (FBGs).<\/p>\n<p>A deep ultra violet laser (Coherent Excistar XS 500Hz\u2014ArF) and a phase mask (Ibsen Photonics) are used to transfer a periodic pattern into\nthe core of a photosensitive optical fiber.<\/p>\n<p>NORIA holds several different masks in a revolver like holder, each mask having a different pattern periodicity. This flexibility allows the enduser\nto manufacture FBGs from predefined recipes in an automated fashion. In addition, multiple FBGs in an array can be written along the\nfiber at any desired position using the NORIA tools accurate positioning stage.<\/p>\n<p>[\/et_pb_cta][\/et_pb_column][\/et_pb_row][\/et_pb_section][et_pb_section fb_built=&#8221;1&#8243; _builder_version=&#8221;4.4.2&#8243; background_color=&#8221;#f2f2f2&#8243;][et_pb_row column_structure=&#8221;1_2,1_2&#8243; _builder_version=&#8221;4.4.2&#8243; animation_style=&#8221;flip&#8221;][et_pb_column type=&#8221;1_2&#8243; _builder_version=&#8221;4.4.2&#8243;][et_pb_text _builder_version=&#8221;4.4.2&#8243; text_font=&#8221;Arial|700|||||||&#8221; text_text_color=&#8221;#01aa90&#8243; text_font_size=&#8221;17px&#8221; header_text_color=&#8221;#0c71c3&#8243;]<span style=\"color: #0c71c3;\">Features &amp; Benefits<\/span>[\/et_pb_text][et_pb_divider color=&#8221;#0c71c3&#8243; divider_weight=&#8221;2px&#8221; _builder_version=&#8221;4.4.2&#8243; custom_margin=&#8221;0px||0px||false|false&#8221; custom_padding=&#8221;0px||0px||false|false&#8221;][\/et_pb_divider][et_pb_text _builder_version=&#8221;4.4.2&#8243; text_font=&#8221;Poppins||||||||&#8221;]<\/p>\n<ul>\n<li>Plug &amp; Play system which is directly ready to use after installation<\/li>\n<li>Write multiple FBG\u2019s on a 150 mm length of fiber in one go<\/li>\n<li>Write uniform or apodised FBGs with a length of 1-10 mm<\/li>\n<li>Load the NORIA tool with up to 16 phase masks<\/li>\n<li>Use photo sensitive fibers or hydrogen loaded standard fibers<\/li>\n<\/ul>\n<p>[\/et_pb_text][\/et_pb_column][et_pb_column type=&#8221;1_2&#8243; _builder_version=&#8221;4.4.2&#8243;][et_pb_video src=&#8221;https:\/\/www.youtube.com\/watch?v=Gl_r78zb2us&#038;t=1s&#8221; _builder_version=&#8221;4.4.2&#8243; custom_padding=&#8221;17px|||||&#8221;][\/et_pb_video][\/et_pb_column][\/et_pb_row][\/et_pb_section][et_pb_section fb_built=&#8221;1&#8243; _builder_version=&#8221;4.4.2&#8243; background_enable_image=&#8221;off&#8221;][et_pb_row _builder_version=&#8221;4.4.2&#8243;][et_pb_column type=&#8221;4_4&#8243; _builder_version=&#8221;4.4.2&#8243;][et_pb_text _builder_version=&#8221;4.4.2&#8243; text_font=&#8221;Poppins|800|||||||&#8221; text_text_color=&#8221;#373d3f&#8221; text_font_size=&#8221;23px&#8221; animation_style=&#8221;fade&#8221;]<\/p>\n<p>Documents<\/p>\n<p>[\/et_pb_text][et_pb_divider color=&#8221;#0c71c3&#8243; divider_weight=&#8221;2px&#8221; _builder_version=&#8221;4.4.2&#8243; animation_style=&#8221;fade&#8221;][\/et_pb_divider][et_pb_text _builder_version=&#8221;4.4.2&#8243; text_text_color=&#8221;#808890&#8243; header_text_color=&#8221;#808890&#8243; max_width=&#8221;26%&#8221; module_alignment=&#8221;left&#8221; locked=&#8221;off&#8221;]<\/p>\n<table style=\"margin-left: auto; margin-right: auto;\">\n<tbody>\n<tr>\n<td style=\"text-align: center;\"><a href=\"https:\/\/3fab0534-367a-4d9c-a83b-42c91e9e8e31.filesusr.com\/ugd\/e0a820_554803f52d964a5f963099b2d68611ed.pdf\" target=\"_blank\" rel=\"noopener noreferrer\" title=\"DP 100 T\"><strong><img src=\"http:\/\/www.origintec.com.tr\/wp-content\/uploads\/2021\/10\/30x30.gif\" alt=\"cool\" \/><\/strong><\/a><strong><\/strong><\/td>\n<td style=\"text-align: center;\"><a href=\"https:\/\/www.northlabphotonics.com\/fileadmin\/user_upload\/Product_Sheet_Noria_20161208.pdf\" target=\"_blank\" rel=\"noopener noreferrer\"><span><strong>Download Product Documentation<\/strong><\/span><\/a><\/td>\n<\/tr>\n<tr>\n<td style=\"text-align: center;\"><a href=\"https:\/\/3fab0534-367a-4d9c-a83b-42c91e9e8e31.filesusr.com\/ugd\/e0a820_554803f52d964a5f963099b2d68611ed.pdf\" target=\"_blank\" rel=\"noopener noreferrer\" title=\"DP 100 T\"><strong><img src=\"http:\/\/www.origintec.com.tr\/wp-content\/uploads\/2021\/10\/30x30.gif\" alt=\"cool\" \/><\/strong><\/a><\/td>\n<td style=\"text-align: center;\"><span><strong><a href=\"https:\/\/www.northlabphotonics.com\/fileadmin\/user_upload\/FBG_Writing_Whitepaper_2018.pdf\" target=\"_blank\" rel=\"noopener noreferrer\">Download Product Article<\/a><\/strong><\/span><strong><\/strong><\/td>\n<\/tr>\n<\/tbody>\n<\/table>\n<p>[\/et_pb_text][\/et_pb_column][\/et_pb_row][\/et_pb_section]<\/p>","protected":false},"excerpt":{"rendered":"<p>[et_pb_section fb_built=&#8221;1&#8243; _builder_version=&#8221;4.4.2&#8243; background_color=&#8221;#808890&#8243; min_height=&#8221;110px&#8221; height=&#8221;100px&#8221; max_height=&#8221;110px&#8221; custom_margin=&#8221;0px||||false|false&#8221; custom_padding=&#8221;0px||0px||false|false&#8221; animation_style=&#8221;fade&#8221;][et_pb_row _builder_version=&#8221;4.4.2&#8243; custom_padding=&#8221;0px||0px||false|false&#8221;][et_pb_column type=&#8221;4_4&#8243; _builder_version=&#8221;4.4.2&#8243;][et_pb_cta button_text=&#8221;T\u0131klamalar&#8221; _builder_version=&#8221;4.4.2&#8243; header_level=&#8221;h1&#8243; header_font=&#8221;Arial|800|||||||&#8221; header_text_color=&#8221;#cbdb2a&#8221; header_letter_spacing=&#8221;1px&#8221; header_line_height=&#8221;1.3em&#8221; body_font=&#8221;Poppins|800|||||||&#8221; body_font_size=&#8221;30px&#8221; body_letter_spacing=&#8221;1px&#8221; body_line_height=&#8221;1.8em&#8221; background_enable_color=&#8221;off&#8221; text_orientation=&#8221;left&#8221; background_layout=&#8221;light&#8221; custom_padding=&#8221;0px||0px||false|false&#8221; header_text_shadow_style=&#8221;preset2&#8243; body_text_shadow_style=&#8221;preset2&#8243;] NORTHLAB\u00a0F\u0130BER \u0130\u015eLEME S\u0130STEMLER\u0130 ORIGINTEC PROSES DESTE\u011e\u0130\u00a0 \u0130LE T\u00dcRK\u0130YE&#8217;DE [\/et_pb_cta][\/et_pb_column][\/et_pb_row][\/et_pb_section][et_pb_section fb_built=&#8221;1&#8243; _builder_version=&#8221;4.4.2&#8243; custom_padding=&#8221;0px||0px|||&#8221; animation_style=&#8221;slide&#8221;][et_pb_row _builder_version=&#8221;4.4.2&#8243; module_alignment=&#8221;center&#8221;][et_pb_column type=&#8221;4_4&#8243; _builder_version=&#8221;4.4.2&#8243;][et_pb_image src=&#8221;http:\/\/www.origintec.com.tr\/wp-content\/uploads\/2021\/11\/noria_no_light.png&#8221; align=&#8221;center&#8221; _builder_version=&#8221;4.4.2&#8243; max_height=&#8221;450px&#8221;][\/et_pb_image][\/et_pb_column][\/et_pb_row][\/et_pb_section][et_pb_section fb_built=&#8221;1&#8243; _builder_version=&#8221;4.4.2&#8243; background_color=&#8221;#f2f2f2&#8243; [&hellip;]<\/p>","protected":false},"author":1,"featured_media":0,"parent":0,"menu_order":0,"comment_status":"closed","ping_status":"closed","template":"","meta":{"_et_pb_use_builder":"on","_et_pb_old_content":"","_et_gb_content_width":""},"_links":{"self":[{"href":"https:\/\/www.origintec.com.tr\/en\/wp-json\/wp\/v2\/pages\/1298"}],"collection":[{"href":"https:\/\/www.origintec.com.tr\/en\/wp-json\/wp\/v2\/pages"}],"about":[{"href":"https:\/\/www.origintec.com.tr\/en\/wp-json\/wp\/v2\/types\/page"}],"author":[{"embeddable":true,"href":"https:\/\/www.origintec.com.tr\/en\/wp-json\/wp\/v2\/users\/1"}],"replies":[{"embeddable":true,"href":"https:\/\/www.origintec.com.tr\/en\/wp-json\/wp\/v2\/comments?post=1298"}],"version-history":[{"count":19,"href":"https:\/\/www.origintec.com.tr\/en\/wp-json\/wp\/v2\/pages\/1298\/revisions"}],"predecessor-version":[{"id":1554,"href":"https:\/\/www.origintec.com.tr\/en\/wp-json\/wp\/v2\/pages\/1298\/revisions\/1554"}],"wp:attachment":[{"href":"https:\/\/www.origintec.com.tr\/en\/wp-json\/wp\/v2\/media?parent=1298"}],"curies":[{"name":"wp","href":"https:\/\/api.w.org\/{rel}","templated":true}]}}